{"id":1320,"date":"2025-04-09T14:39:38","date_gmt":"2025-04-09T14:39:38","guid":{"rendered":"https:\/\/www.inkyubeta.de\/?page_id=1320"},"modified":"2025-04-09T14:42:49","modified_gmt":"2025-04-09T14:42:49","slug":"imprint","status":"publish","type":"page","link":"https:\/\/www.inkyubeta.de\/de\/imprint\/","title":{"rendered":"Impressum"},"content":{"rendered":"<div data-elementor-type=\"wp-page\" data-elementor-id=\"1320\" class=\"elementor elementor-1320\">\n\t\t\t\t<div class=\"elementor-element elementor-element-c81dfeb e-flex e-con-boxed e-con e-parent\" data-id=\"c81dfeb\" data-element_type=\"container\">\n\t\t\t\t\t<div class=\"e-con-inner\">\n\t\t\t\t<div class=\"elementor-element elementor-element-8da7d07 elementor-widget elementor-widget-heading\" data-id=\"8da7d07\" data-element_type=\"widget\" data-widget_type=\"heading.default\">\n\t\t\t\t<div class=\"elementor-widget-container\">\n\t\t\t\t\t<h1 class=\"elementor-heading-title elementor-size-default\">Impressum<\/h1>\t\t\t\t<\/div>\n\t\t\t\t<\/div>\n\t\t\t\t\t<\/div>\n\t\t\t\t<\/div>\n\t\t<div class=\"elementor-element elementor-element-ff84f37 e-flex e-con-boxed e-con e-parent\" data-id=\"ff84f37\" data-element_type=\"container\">\n\t\t\t\t\t<div class=\"e-con-inner\">\n\t\t\t\t<div class=\"elementor-element elementor-element-27abf0a elementor-widget elementor-widget-text-editor\" data-id=\"27abf0a\" data-element_type=\"widget\" data-widget_type=\"text-editor.default\">\n\t\t\t\t<div class=\"elementor-widget-container\">\n\t\t\t\t\t\t\t\t\t<p>Markus Ganzmann GmbH <br \/>Sonnenhalde 21 <br \/>71144 Steinenbronn<\/p><p>Handelsregister: B 748205 <br \/>Registergericht: Stuttgart <br \/>Vertreten durch: Markus Ganzmann<\/p><p><strong>Kontakt<\/strong> <br \/>Telefon: +49 7157 813998-0 <br \/>E-Mail: adm@inkyubeta.de<\/p><p><strong>Umsatzsteuer-ID <\/strong><br \/>Umsatzsteuer-Identifikationsnummer gem\u00e4\u00df \u00a7 27a UStG: DE294862706<\/p><p><strong>Angaben zur Berufshaftpflichtversicherung<\/strong> <br \/>Name und Sitz des Versicherers: Allianz Versicherung AG, K\u00f6niginstra\u00dfe 28, 80802 M\u00fcnchen <br \/>Geltungsraum der Versicherung: Deutschland<\/p><p><strong>Inhaltlich verantwortlich<\/strong> <br \/>Markus Ganzmann GmbH <br \/>Sonnenhalde 21 <br \/>71144 Steinenbronn<\/p><p><strong>Verbraucherstreitbeilegung \/ Universalschlichtungsstelle<\/strong> <br \/>Wir sind nicht bereit oder verpflichtet, an Streitbeilegungsverfahren vor einer Verbraucherschlichtungsstelle teilzunehmen.<\/p><p>Quelle:  https:\/\/www.e-recht24.de\/impressum-generator.html<\/p>\t\t\t\t\t\t\t\t<\/div>\n\t\t\t\t<\/div>\n\t\t\t\t<div class=\"elementor-element elementor-element-1907216 elementor-widget-divider--view-line elementor-widget elementor-widget-divider\" data-id=\"1907216\" data-element_type=\"widget\" data-widget_type=\"divider.default\">\n\t\t\t\t<div class=\"elementor-widget-container\">\n\t\t\t\t\t\t\t<div class=\"elementor-divider\">\n\t\t\t<span class=\"elementor-divider-separator\">\n\t\t\t\t\t\t<\/span>\n\t\t<\/div>\n\t\t\t\t\t\t<\/div>\n\t\t\t\t<\/div>\n\t\t\t\t\t<\/div>\n\t\t\t\t<\/div>\n\t\t\t\t<\/div>","protected":false},"excerpt":{"rendered":"<p>Imprint Markus Ganzmann GmbH Sonnenhalde 21 71144 Steinenbronn Handelsregister: B 748205 Registration court: Stuttgart Represented by: Markus Ganzmann Contact Phone: +49 7157 813998-0 E-Mail: adm@inkyubeta.de VAT ID Sales tax identification number according to \u00a7 27 a of the Value Added Tax Act: DE294862706 Information on professional liability insurance Name and registered office of the insurer: [&hellip;]<\/p>","protected":false},"author":1,"featured_media":0,"parent":0,"menu_order":0,"comment_status":"closed","ping_status":"closed","template":"","meta":{"footnotes":""},"class_list":["post-1320","page","type-page","status-publish","hentry"],"yoast_head":"<!-- This site is optimized with the Yoast SEO plugin v24.7 - https:\/\/yoast.com\/wordpress\/plugins\/seo\/ -->\n<title>Imprint - Inkyubeta<\/title>\n<meta name=\"robots\" content=\"index, follow, max-snippet:-1, max-image-preview:large, max-video-preview:-1\" \/>\n<link rel=\"canonical\" href=\"https:\/\/www.inkyubeta.de\/de\/imprint\/\" \/>\n<meta property=\"og:locale\" content=\"de_DE\" \/>\n<meta property=\"og:type\" content=\"article\" \/>\n<meta property=\"og:title\" content=\"Imprint - Inkyubeta\" \/>\n<meta property=\"og:description\" content=\"Imprint Markus Ganzmann GmbH Sonnenhalde 21 71144 Steinenbronn Handelsregister: B 748205 Registration court: Stuttgart Represented by: Markus Ganzmann Contact Phone: +49 7157 813998-0 E-Mail: adm@inkyubeta.de VAT ID Sales tax identification number according to \u00a7 27 a of the Value Added Tax Act: DE294862706 Information on professional liability insurance Name and registered office of the insurer: [&hellip;]\" \/>\n<meta property=\"og:url\" content=\"https:\/\/www.inkyubeta.de\/de\/imprint\/\" \/>\n<meta property=\"og:site_name\" content=\"Inkyubeta\" \/>\n<meta property=\"article:modified_time\" content=\"2025-04-09T14:42:49+00:00\" \/>\n<meta name=\"twitter:card\" content=\"summary_large_image\" \/>\n<meta name=\"twitter:label1\" content=\"Gesch\u00e4tzte Lesezeit\" \/>\n\t<meta name=\"twitter:data1\" content=\"1\u00a0Minute\" \/>\n<script type=\"application\/ld+json\" class=\"yoast-schema-graph\">{\"@context\":\"https:\/\/schema.org\",\"@graph\":[{\"@type\":\"WebPage\",\"@id\":\"https:\/\/www.inkyubeta.de\/imprint\/\",\"url\":\"https:\/\/www.inkyubeta.de\/imprint\/\",\"name\":\"Imprint - Inkyubeta\",\"isPartOf\":{\"@id\":\"https:\/\/www.inkyubeta.de\/#website\"},\"datePublished\":\"2025-04-09T14:39:38+00:00\",\"dateModified\":\"2025-04-09T14:42:49+00:00\",\"breadcrumb\":{\"@id\":\"https:\/\/www.inkyubeta.de\/imprint\/#breadcrumb\"},\"inLanguage\":\"de\",\"potentialAction\":[{\"@type\":\"ReadAction\",\"target\":[\"https:\/\/www.inkyubeta.de\/imprint\/\"]}]},{\"@type\":\"BreadcrumbList\",\"@id\":\"https:\/\/www.inkyubeta.de\/imprint\/#breadcrumb\",\"itemListElement\":[{\"@type\":\"ListItem\",\"position\":1,\"name\":\"Home\",\"item\":\"https:\/\/www.inkyubeta.de\/\"},{\"@type\":\"ListItem\",\"position\":2,\"name\":\"Imprint\"}]},{\"@type\":\"WebSite\",\"@id\":\"https:\/\/www.inkyubeta.de\/#website\",\"url\":\"https:\/\/www.inkyubeta.de\/\",\"name\":\"Inkyubeta\",\"description\":\"\",\"publisher\":{\"@id\":\"https:\/\/www.inkyubeta.de\/#organization\"},\"potentialAction\":[{\"@type\":\"SearchAction\",\"target\":{\"@type\":\"EntryPoint\",\"urlTemplate\":\"https:\/\/www.inkyubeta.de\/?s={search_term_string}\"},\"query-input\":{\"@type\":\"PropertyValueSpecification\",\"valueRequired\":true,\"valueName\":\"search_term_string\"}}],\"inLanguage\":\"de\"},{\"@type\":\"Organization\",\"@id\":\"https:\/\/www.inkyubeta.de\/#organization\",\"name\":\"Inkyubeta\",\"url\":\"https:\/\/www.inkyubeta.de\/\",\"logo\":{\"@type\":\"ImageObject\",\"inLanguage\":\"de\",\"@id\":\"https:\/\/www.inkyubeta.de\/#\/schema\/logo\/image\/\",\"url\":\"https:\/\/www.inkyubeta.de\/wp-content\/uploads\/2025\/03\/inkyubeta-logo__2025-03-03a-6.png\",\"contentUrl\":\"https:\/\/www.inkyubeta.de\/wp-content\/uploads\/2025\/03\/inkyubeta-logo__2025-03-03a-6.png\",\"width\":50,\"height\":73,\"caption\":\"Inkyubeta\"},\"image\":{\"@id\":\"https:\/\/www.inkyubeta.de\/#\/schema\/logo\/image\/\"}}]}<\/script>\n<!-- \/ Yoast SEO plugin. -->","yoast_head_json":{"title":"Imprint - Inkyubeta","robots":{"index":"index","follow":"follow","max-snippet":"max-snippet:-1","max-image-preview":"max-image-preview:large","max-video-preview":"max-video-preview:-1"},"canonical":"https:\/\/www.inkyubeta.de\/de\/imprint\/","og_locale":"de_DE","og_type":"article","og_title":"Imprint - Inkyubeta","og_description":"Imprint Markus Ganzmann GmbH Sonnenhalde 21 71144 Steinenbronn Handelsregister: B 748205 Registration court: Stuttgart Represented by: Markus Ganzmann Contact Phone: +49 7157 813998-0 E-Mail: adm@inkyubeta.de VAT ID Sales tax identification number according to \u00a7 27 a of the Value Added Tax Act: DE294862706 Information on professional liability insurance Name and registered office of the insurer: [&hellip;]","og_url":"https:\/\/www.inkyubeta.de\/de\/imprint\/","og_site_name":"Inkyubeta","article_modified_time":"2025-04-09T14:42:49+00:00","twitter_card":"summary_large_image","twitter_misc":{"Gesch\u00e4tzte Lesezeit":"1\u00a0Minute"},"schema":{"@context":"https:\/\/schema.org","@graph":[{"@type":"WebPage","@id":"https:\/\/www.inkyubeta.de\/imprint\/","url":"https:\/\/www.inkyubeta.de\/imprint\/","name":"Imprint - Inkyubeta","isPartOf":{"@id":"https:\/\/www.inkyubeta.de\/#website"},"datePublished":"2025-04-09T14:39:38+00:00","dateModified":"2025-04-09T14:42:49+00:00","breadcrumb":{"@id":"https:\/\/www.inkyubeta.de\/imprint\/#breadcrumb"},"inLanguage":"de","potentialAction":[{"@type":"ReadAction","target":["https:\/\/www.inkyubeta.de\/imprint\/"]}]},{"@type":"BreadcrumbList","@id":"https:\/\/www.inkyubeta.de\/imprint\/#breadcrumb","itemListElement":[{"@type":"ListItem","position":1,"name":"Home","item":"https:\/\/www.inkyubeta.de\/"},{"@type":"ListItem","position":2,"name":"Imprint"}]},{"@type":"WebSite","@id":"https:\/\/www.inkyubeta.de\/#website","url":"https:\/\/www.inkyubeta.de\/","name":"Inkyubeta","description":"","publisher":{"@id":"https:\/\/www.inkyubeta.de\/#organization"},"potentialAction":[{"@type":"SearchAction","target":{"@type":"EntryPoint","urlTemplate":"https:\/\/www.inkyubeta.de\/?s={search_term_string}"},"query-input":{"@type":"PropertyValueSpecification","valueRequired":true,"valueName":"search_term_string"}}],"inLanguage":"de"},{"@type":"Organization","@id":"https:\/\/www.inkyubeta.de\/#organization","name":"Inkyubeta","url":"https:\/\/www.inkyubeta.de\/","logo":{"@type":"ImageObject","inLanguage":"de","@id":"https:\/\/www.inkyubeta.de\/#\/schema\/logo\/image\/","url":"https:\/\/www.inkyubeta.de\/wp-content\/uploads\/2025\/03\/inkyubeta-logo__2025-03-03a-6.png","contentUrl":"https:\/\/www.inkyubeta.de\/wp-content\/uploads\/2025\/03\/inkyubeta-logo__2025-03-03a-6.png","width":50,"height":73,"caption":"Inkyubeta"},"image":{"@id":"https:\/\/www.inkyubeta.de\/#\/schema\/logo\/image\/"}}]}},"_links":{"self":[{"href":"https:\/\/www.inkyubeta.de\/de\/wp-json\/wp\/v2\/pages\/1320","targetHints":{"allow":["GET"]}}],"collection":[{"href":"https:\/\/www.inkyubeta.de\/de\/wp-json\/wp\/v2\/pages"}],"about":[{"href":"https:\/\/www.inkyubeta.de\/de\/wp-json\/wp\/v2\/types\/page"}],"author":[{"embeddable":true,"href":"https:\/\/www.inkyubeta.de\/de\/wp-json\/wp\/v2\/users\/1"}],"replies":[{"embeddable":true,"href":"https:\/\/www.inkyubeta.de\/de\/wp-json\/wp\/v2\/comments?post=1320"}],"version-history":[{"count":7,"href":"https:\/\/www.inkyubeta.de\/de\/wp-json\/wp\/v2\/pages\/1320\/revisions"}],"predecessor-version":[{"id":1328,"href":"https:\/\/www.inkyubeta.de\/de\/wp-json\/wp\/v2\/pages\/1320\/revisions\/1328"}],"wp:attachment":[{"href":"https:\/\/www.inkyubeta.de\/de\/wp-json\/wp\/v2\/media?parent=1320"}],"curies":[{"name":"wp","href":"https:\/\/api.w.org\/{rel}","templated":true}]}}